{"id":1502,"date":"2025-05-10T01:24:23","date_gmt":"2025-05-10T05:24:23","guid":{"rendered":"https:\/\/hudsonapothecary.ca\/farm-to-face-facial-fr\/"},"modified":"2025-05-14T11:36:11","modified_gmt":"2025-05-14T15:36:11","slug":"facial-ferme-au-visage","status":"publish","type":"page","link":"https:\/\/hudsonapothecary.ca\/fr\/facial-ferme-au-visage\/","title":{"rendered":"Facial Ferme au Visage"},"content":{"rendered":"<div id=\"cs-content\" class=\"cs-content\"><\/div>\n","protected":false},"excerpt":{"rendered":"<p>Facial Ferme au Visage Rituel de puret\u00e9, puissance et connexionPrendre un rendez-vousR\u00e9server en ligneR\u00e9server parCartes cadeauxNouveaut\u00e9! L\u2019Apothicaire Hudson souhaite la bienvenue \u00e0 Happy Hollows! Nous sommes ravis d\u2019annoncer le nouveau partenariat entre\u00a0Happy Hollows\u00a0et l\u2019Apothicaire Hudson. Le nouveau soin\u00a0\u00ab \u00a0FERME AU &#8230; <\/p>\n<div><a href=\"https:\/\/hudsonapothecary.ca\/fr\/facial-ferme-au-visage\/\" class=\"more-link\">Read More<\/a><\/div>\n","protected":false},"author":1,"featured_media":0,"parent":0,"menu_order":0,"comment_status":"closed","ping_status":"closed","template":"template-blank-4.php","meta":{"_acf_changed":false,"footnotes":""},"class_list":["post-1502","page","type-page","status-publish","hentry","no-post-thumbnail"],"acf":[],"yoast_head":"<!-- This site is optimized with the Yoast SEO plugin v27.4 - https:\/\/yoast.com\/product\/yoast-seo-wordpress\/ -->\n<title>Facial Ferme au Visage &#8212; Hudson Apothecary<\/title>\n<meta name=\"robots\" content=\"index, follow, max-snippet:-1, max-image-preview:large, max-video-preview:-1\" \/>\n<link rel=\"canonical\" href=\"https:\/\/hudsonapothecary.ca\/farm-to-face-facial\/\" \/>\n<meta property=\"og:locale\" content=\"fr_FR\" \/>\n<meta property=\"og:type\" content=\"article\" \/>\n<meta property=\"og:title\" content=\"Facial Ferme au Visage &#8212; Hudson Apothecary\" \/>\n<meta property=\"og:description\" content=\"Facial Ferme au Visage Rituel de puret\u00e9, puissance et connexionPrendre un rendez-vousR\u00e9server en ligneR\u00e9server parCartes cadeauxNouveaut\u00e9! L\u2019Apothicaire Hudson souhaite la bienvenue \u00e0 Happy Hollows! Nous sommes ravis d\u2019annoncer le nouveau partenariat entre\u00a0Happy Hollows\u00a0et l\u2019Apothicaire Hudson. Le nouveau soin\u00a0\u00ab \u00a0FERME AU ... Read More\" \/>\n<meta property=\"og:url\" content=\"https:\/\/hudsonapothecary.ca\/farm-to-face-facial\/\" \/>\n<meta property=\"og:site_name\" content=\"Hudson Apothecary\" \/>\n<meta property=\"article:modified_time\" content=\"2025-05-14T15:36:11+00:00\" \/>\n<meta name=\"twitter:card\" content=\"summary_large_image\" \/>\n<meta name=\"twitter:label1\" content=\"Dur\u00e9e de lecture estim\u00e9e\" \/>\n\t<meta name=\"twitter:data1\" content=\"14 minutes\" \/>\n<script type=\"application\/ld+json\" class=\"yoast-schema-graph\">{\"@context\":\"https:\\\/\\\/schema.org\",\"@graph\":[{\"@type\":\"WebPage\",\"@id\":\"https:\\\/\\\/hudsonapothecary.ca\\\/farm-to-face-facial\\\/\",\"url\":\"https:\\\/\\\/hudsonapothecary.ca\\\/farm-to-face-facial\\\/\",\"name\":\"Facial Ferme au Visage &#8212; Hudson Apothecary\",\"isPartOf\":{\"@id\":\"https:\\\/\\\/hudsonapothecary.ca\\\/#website\"},\"datePublished\":\"2025-05-10T05:24:23+00:00\",\"dateModified\":\"2025-05-14T15:36:11+00:00\",\"breadcrumb\":{\"@id\":\"https:\\\/\\\/hudsonapothecary.ca\\\/farm-to-face-facial\\\/#breadcrumb\"},\"inLanguage\":\"fr-FR\",\"potentialAction\":[{\"@type\":\"ReadAction\",\"target\":[\"https:\\\/\\\/hudsonapothecary.ca\\\/farm-to-face-facial\\\/\"]}]},{\"@type\":\"BreadcrumbList\",\"@id\":\"https:\\\/\\\/hudsonapothecary.ca\\\/farm-to-face-facial\\\/#breadcrumb\",\"itemListElement\":[{\"@type\":\"ListItem\",\"position\":1,\"name\":\"Home\",\"item\":\"https:\\\/\\\/hudsonapothecary.ca\\\/fr\\\/\"},{\"@type\":\"ListItem\",\"position\":2,\"name\":\"Facial Ferme au Visage\"}]},{\"@type\":\"WebSite\",\"@id\":\"https:\\\/\\\/hudsonapothecary.ca\\\/#website\",\"url\":\"https:\\\/\\\/hudsonapothecary.ca\\\/\",\"name\":\"Hudson Apothecary\",\"description\":\"Hudson Apothecary is a wellness centre in Hudson, Quebec.\",\"publisher\":{\"@id\":\"https:\\\/\\\/hudsonapothecary.ca\\\/#organization\"},\"potentialAction\":[{\"@type\":\"SearchAction\",\"target\":{\"@type\":\"EntryPoint\",\"urlTemplate\":\"https:\\\/\\\/hudsonapothecary.ca\\\/?s={search_term_string}\"},\"query-input\":{\"@type\":\"PropertyValueSpecification\",\"valueRequired\":true,\"valueName\":\"search_term_string\"}}],\"inLanguage\":\"fr-FR\"},{\"@type\":\"Organization\",\"@id\":\"https:\\\/\\\/hudsonapothecary.ca\\\/#organization\",\"name\":\"Hudson Apothecary\",\"url\":\"https:\\\/\\\/hudsonapothecary.ca\\\/\",\"logo\":{\"@type\":\"ImageObject\",\"inLanguage\":\"fr-FR\",\"@id\":\"https:\\\/\\\/hudsonapothecary.ca\\\/#\\\/schema\\\/logo\\\/image\\\/\",\"url\":\"https:\\\/\\\/hudsonapothecary.ca\\\/wp-content\\\/uploads\\\/2021\\\/01\\\/hudson-apothecary_logo_600px.png\",\"contentUrl\":\"https:\\\/\\\/hudsonapothecary.ca\\\/wp-content\\\/uploads\\\/2021\\\/01\\\/hudson-apothecary_logo_600px.png\",\"width\":600,\"height\":274,\"caption\":\"Hudson Apothecary\"},\"image\":{\"@id\":\"https:\\\/\\\/hudsonapothecary.ca\\\/#\\\/schema\\\/logo\\\/image\\\/\"}}]}<\/script>\n<!-- \/ Yoast SEO plugin. -->","yoast_head_json":{"title":"Facial Ferme au Visage &#8212; Hudson Apothecary","robots":{"index":"index","follow":"follow","max-snippet":"max-snippet:-1","max-image-preview":"max-image-preview:large","max-video-preview":"max-video-preview:-1"},"canonical":"https:\/\/hudsonapothecary.ca\/farm-to-face-facial\/","og_locale":"fr_FR","og_type":"article","og_title":"Facial Ferme au Visage &#8212; Hudson Apothecary","og_description":"Facial Ferme au Visage Rituel de puret\u00e9, puissance et connexionPrendre un rendez-vousR\u00e9server en ligneR\u00e9server parCartes cadeauxNouveaut\u00e9! L\u2019Apothicaire Hudson souhaite la bienvenue \u00e0 Happy Hollows! Nous sommes ravis d\u2019annoncer le nouveau partenariat entre\u00a0Happy Hollows\u00a0et l\u2019Apothicaire Hudson. Le nouveau soin\u00a0\u00ab \u00a0FERME AU ... Read More","og_url":"https:\/\/hudsonapothecary.ca\/farm-to-face-facial\/","og_site_name":"Hudson Apothecary","article_modified_time":"2025-05-14T15:36:11+00:00","twitter_card":"summary_large_image","twitter_misc":{"Dur\u00e9e de lecture estim\u00e9e":"14 minutes"},"schema":{"@context":"https:\/\/schema.org","@graph":[{"@type":"WebPage","@id":"https:\/\/hudsonapothecary.ca\/farm-to-face-facial\/","url":"https:\/\/hudsonapothecary.ca\/farm-to-face-facial\/","name":"Facial Ferme au Visage &#8212; Hudson Apothecary","isPartOf":{"@id":"https:\/\/hudsonapothecary.ca\/#website"},"datePublished":"2025-05-10T05:24:23+00:00","dateModified":"2025-05-14T15:36:11+00:00","breadcrumb":{"@id":"https:\/\/hudsonapothecary.ca\/farm-to-face-facial\/#breadcrumb"},"inLanguage":"fr-FR","potentialAction":[{"@type":"ReadAction","target":["https:\/\/hudsonapothecary.ca\/farm-to-face-facial\/"]}]},{"@type":"BreadcrumbList","@id":"https:\/\/hudsonapothecary.ca\/farm-to-face-facial\/#breadcrumb","itemListElement":[{"@type":"ListItem","position":1,"name":"Home","item":"https:\/\/hudsonapothecary.ca\/fr\/"},{"@type":"ListItem","position":2,"name":"Facial Ferme au Visage"}]},{"@type":"WebSite","@id":"https:\/\/hudsonapothecary.ca\/#website","url":"https:\/\/hudsonapothecary.ca\/","name":"Hudson Apothecary","description":"Hudson Apothecary is a wellness centre in Hudson, Quebec.","publisher":{"@id":"https:\/\/hudsonapothecary.ca\/#organization"},"potentialAction":[{"@type":"SearchAction","target":{"@type":"EntryPoint","urlTemplate":"https:\/\/hudsonapothecary.ca\/?s={search_term_string}"},"query-input":{"@type":"PropertyValueSpecification","valueRequired":true,"valueName":"search_term_string"}}],"inLanguage":"fr-FR"},{"@type":"Organization","@id":"https:\/\/hudsonapothecary.ca\/#organization","name":"Hudson Apothecary","url":"https:\/\/hudsonapothecary.ca\/","logo":{"@type":"ImageObject","inLanguage":"fr-FR","@id":"https:\/\/hudsonapothecary.ca\/#\/schema\/logo\/image\/","url":"https:\/\/hudsonapothecary.ca\/wp-content\/uploads\/2021\/01\/hudson-apothecary_logo_600px.png","contentUrl":"https:\/\/hudsonapothecary.ca\/wp-content\/uploads\/2021\/01\/hudson-apothecary_logo_600px.png","width":600,"height":274,"caption":"Hudson Apothecary"},"image":{"@id":"https:\/\/hudsonapothecary.ca\/#\/schema\/logo\/image\/"}}]}},"_links":{"self":[{"href":"https:\/\/hudsonapothecary.ca\/fr\/wp-json\/wp\/v2\/pages\/1502","targetHints":{"allow":["GET"]}}],"collection":[{"href":"https:\/\/hudsonapothecary.ca\/fr\/wp-json\/wp\/v2\/pages"}],"about":[{"href":"https:\/\/hudsonapothecary.ca\/fr\/wp-json\/wp\/v2\/types\/page"}],"author":[{"embeddable":true,"href":"https:\/\/hudsonapothecary.ca\/fr\/wp-json\/wp\/v2\/users\/1"}],"replies":[{"embeddable":true,"href":"https:\/\/hudsonapothecary.ca\/fr\/wp-json\/wp\/v2\/comments?post=1502"}],"version-history":[{"count":8,"href":"https:\/\/hudsonapothecary.ca\/fr\/wp-json\/wp\/v2\/pages\/1502\/revisions"}],"predecessor-version":[{"id":1510,"href":"https:\/\/hudsonapothecary.ca\/fr\/wp-json\/wp\/v2\/pages\/1502\/revisions\/1510"}],"wp:attachment":[{"href":"https:\/\/hudsonapothecary.ca\/fr\/wp-json\/wp\/v2\/media?parent=1502"}],"curies":[{"name":"wp","href":"https:\/\/api.w.org\/{rel}","templated":true}]}}