{"id":744,"date":"2020-11-28T12:59:00","date_gmt":"2020-11-28T17:59:00","guid":{"rendered":"https:\/\/hudsonapothecary.ca\/welcome\/"},"modified":"2026-04-20T15:54:08","modified_gmt":"2026-04-20T19:54:08","slug":"home","status":"publish","type":"page","link":"https:\/\/hudsonapothecary.ca\/fr\/","title":{"rendered":"Hudson Apothecary"},"content":{"rendered":"<div id=\"cs-content\" class=\"cs-content\"><\/div>\n","protected":false},"excerpt":{"rendered":"<p>Bienvenue dans votre espace de bien-\u00eatre local Acheter une carte cadeauAyurveda HydraFacial Sauna infrarouge Nouveaut\u00e9! Facial Ferme au Visage Nous sommes situ\u00e9s au c\u0153ur d&rsquo;Hudson, Qu\u00e9bec. Ce b\u00e2timent \u00e9tait autrefois le magasin g\u00e9n\u00e9ral de la ville, o\u00f9 op\u00e9rait le r\u00e9put\u00e9 &#8230; <\/p>\n<div><a href=\"https:\/\/hudsonapothecary.ca\/fr\/\" class=\"more-link\">Read More<\/a><\/div>\n","protected":false},"author":1,"featured_media":683,"parent":0,"menu_order":0,"comment_status":"closed","ping_status":"closed","template":"template-blank-4.php","meta":{"_acf_changed":false,"footnotes":""},"class_list":["post-744","page","type-page","status-publish","has-post-thumbnail","hentry"],"acf":[],"yoast_head":"<!-- This site is optimized with the Yoast SEO plugin v27.4 - https:\/\/yoast.com\/product\/yoast-seo-wordpress\/ -->\n<title>Centre de sant\u00e9 Hudson Apothecary \u00e0 Hudson, Qu\u00e9bec<\/title>\n<meta name=\"description\" content=\"Centre de sant\u00e9 Hudson Apothecary : Naturopathe, Ayurveda, Yoga, HydraFacial, Facials, Sauna infrarouge, jus press\u00e9s \u00e0 froid et nettoyages organiques.\" \/>\n<meta name=\"robots\" content=\"index, follow, max-snippet:-1, max-image-preview:large, max-video-preview:-1\" \/>\n<link rel=\"canonical\" href=\"https:\/\/hudsonapothecary.ca\/fr\/\" \/>\n<meta property=\"og:locale\" content=\"fr_FR\" \/>\n<meta property=\"og:type\" content=\"article\" \/>\n<meta property=\"og:title\" content=\"Centre de sant\u00e9 Hudson Apothecary \u00e0 Hudson, Qu\u00e9bec\" \/>\n<meta property=\"og:description\" content=\"Centre de sant\u00e9 Hudson Apothecary : Naturopathe, Ayurveda, Yoga, HydraFacial, Facials, Sauna infrarouge, jus press\u00e9s \u00e0 froid et nettoyages organiques.\" \/>\n<meta property=\"og:url\" content=\"https:\/\/hudsonapothecary.ca\/fr\/\" \/>\n<meta property=\"og:site_name\" content=\"Hudson Apothecary\" \/>\n<meta property=\"article:modified_time\" content=\"2026-04-20T19:54:08+00:00\" \/>\n<meta property=\"og:image\" content=\"https:\/\/hudsonapothecary.ca\/wp-content\/uploads\/2020\/12\/hudson-apothecary_logo_no-border.png\" \/>\n\t<meta property=\"og:image:width\" content=\"1000\" \/>\n\t<meta property=\"og:image:height\" content=\"455\" \/>\n\t<meta property=\"og:image:type\" content=\"image\/png\" \/>\n<meta name=\"twitter:card\" content=\"summary_large_image\" \/>\n<meta name=\"twitter:label1\" content=\"Dur\u00e9e de lecture estim\u00e9e\" \/>\n\t<meta name=\"twitter:data1\" content=\"3 minutes\" \/>\n<script type=\"application\/ld+json\" class=\"yoast-schema-graph\">{\"@context\":\"https:\\\/\\\/schema.org\",\"@graph\":[{\"@type\":\"WebPage\",\"@id\":\"https:\\\/\\\/hudsonapothecary.ca\\\/fr\\\/\",\"url\":\"https:\\\/\\\/hudsonapothecary.ca\\\/fr\\\/\",\"name\":\"Centre de sant\u00e9 Hudson Apothecary \u00e0 Hudson, Qu\u00e9bec\",\"isPartOf\":{\"@id\":\"https:\\\/\\\/hudsonapothecary.ca\\\/#website\"},\"primaryImageOfPage\":{\"@id\":\"https:\\\/\\\/hudsonapothecary.ca\\\/fr\\\/#primaryimage\"},\"image\":{\"@id\":\"https:\\\/\\\/hudsonapothecary.ca\\\/fr\\\/#primaryimage\"},\"thumbnailUrl\":\"https:\\\/\\\/hudsonapothecary.ca\\\/wp-content\\\/uploads\\\/2020\\\/12\\\/hudson-apothecary_logo_no-border.png\",\"datePublished\":\"2020-11-28T17:59:00+00:00\",\"dateModified\":\"2026-04-20T19:54:08+00:00\",\"description\":\"Centre de sant\u00e9 Hudson Apothecary : Naturopathe, Ayurveda, Yoga, HydraFacial, Facials, Sauna infrarouge, jus press\u00e9s \u00e0 froid et nettoyages organiques.\",\"breadcrumb\":{\"@id\":\"https:\\\/\\\/hudsonapothecary.ca\\\/fr\\\/#breadcrumb\"},\"inLanguage\":\"fr-FR\",\"potentialAction\":[{\"@type\":\"ReadAction\",\"target\":[\"https:\\\/\\\/hudsonapothecary.ca\\\/fr\\\/\"]}]},{\"@type\":\"ImageObject\",\"inLanguage\":\"fr-FR\",\"@id\":\"https:\\\/\\\/hudsonapothecary.ca\\\/fr\\\/#primaryimage\",\"url\":\"https:\\\/\\\/hudsonapothecary.ca\\\/wp-content\\\/uploads\\\/2020\\\/12\\\/hudson-apothecary_logo_no-border.png\",\"contentUrl\":\"https:\\\/\\\/hudsonapothecary.ca\\\/wp-content\\\/uploads\\\/2020\\\/12\\\/hudson-apothecary_logo_no-border.png\",\"width\":1000,\"height\":455,\"caption\":\"Hudson Apothecary logo - Centre de sant\u00e9\"},{\"@type\":\"BreadcrumbList\",\"@id\":\"https:\\\/\\\/hudsonapothecary.ca\\\/fr\\\/#breadcrumb\",\"itemListElement\":[{\"@type\":\"ListItem\",\"position\":1,\"name\":\"Home\",\"item\":\"https:\\\/\\\/hudsonapothecary.ca\\\/fr\\\/\"},{\"@type\":\"ListItem\",\"position\":2,\"name\":\"Hudson Apothecary\"}]},{\"@type\":\"WebSite\",\"@id\":\"https:\\\/\\\/hudsonapothecary.ca\\\/#website\",\"url\":\"https:\\\/\\\/hudsonapothecary.ca\\\/\",\"name\":\"Hudson Apothecary\",\"description\":\"Hudson Apothecary is a wellness centre in Hudson, Quebec.\",\"publisher\":{\"@id\":\"https:\\\/\\\/hudsonapothecary.ca\\\/#organization\"},\"potentialAction\":[{\"@type\":\"SearchAction\",\"target\":{\"@type\":\"EntryPoint\",\"urlTemplate\":\"https:\\\/\\\/hudsonapothecary.ca\\\/?s={search_term_string}\"},\"query-input\":{\"@type\":\"PropertyValueSpecification\",\"valueRequired\":true,\"valueName\":\"search_term_string\"}}],\"inLanguage\":\"fr-FR\"},{\"@type\":\"Organization\",\"@id\":\"https:\\\/\\\/hudsonapothecary.ca\\\/#organization\",\"name\":\"Hudson Apothecary\",\"url\":\"https:\\\/\\\/hudsonapothecary.ca\\\/\",\"logo\":{\"@type\":\"ImageObject\",\"inLanguage\":\"fr-FR\",\"@id\":\"https:\\\/\\\/hudsonapothecary.ca\\\/#\\\/schema\\\/logo\\\/image\\\/\",\"url\":\"https:\\\/\\\/hudsonapothecary.ca\\\/wp-content\\\/uploads\\\/2021\\\/01\\\/hudson-apothecary_logo_600px.png\",\"contentUrl\":\"https:\\\/\\\/hudsonapothecary.ca\\\/wp-content\\\/uploads\\\/2021\\\/01\\\/hudson-apothecary_logo_600px.png\",\"width\":600,\"height\":274,\"caption\":\"Hudson Apothecary\"},\"image\":{\"@id\":\"https:\\\/\\\/hudsonapothecary.ca\\\/#\\\/schema\\\/logo\\\/image\\\/\"}}]}<\/script>\n<!-- \/ Yoast SEO plugin. -->","yoast_head_json":{"title":"Centre de sant\u00e9 Hudson Apothecary \u00e0 Hudson, Qu\u00e9bec","description":"Centre de sant\u00e9 Hudson Apothecary : Naturopathe, Ayurveda, Yoga, HydraFacial, Facials, Sauna infrarouge, jus press\u00e9s \u00e0 froid et nettoyages organiques.","robots":{"index":"index","follow":"follow","max-snippet":"max-snippet:-1","max-image-preview":"max-image-preview:large","max-video-preview":"max-video-preview:-1"},"canonical":"https:\/\/hudsonapothecary.ca\/fr\/","og_locale":"fr_FR","og_type":"article","og_title":"Centre de sant\u00e9 Hudson Apothecary \u00e0 Hudson, Qu\u00e9bec","og_description":"Centre de sant\u00e9 Hudson Apothecary : Naturopathe, Ayurveda, Yoga, HydraFacial, Facials, Sauna infrarouge, jus press\u00e9s \u00e0 froid et nettoyages organiques.","og_url":"https:\/\/hudsonapothecary.ca\/fr\/","og_site_name":"Hudson Apothecary","article_modified_time":"2026-04-20T19:54:08+00:00","og_image":[{"width":1000,"height":455,"url":"https:\/\/hudsonapothecary.ca\/wp-content\/uploads\/2020\/12\/hudson-apothecary_logo_no-border.png","type":"image\/png"}],"twitter_card":"summary_large_image","twitter_misc":{"Dur\u00e9e de lecture estim\u00e9e":"3 minutes"},"schema":{"@context":"https:\/\/schema.org","@graph":[{"@type":"WebPage","@id":"https:\/\/hudsonapothecary.ca\/fr\/","url":"https:\/\/hudsonapothecary.ca\/fr\/","name":"Centre de sant\u00e9 Hudson Apothecary \u00e0 Hudson, Qu\u00e9bec","isPartOf":{"@id":"https:\/\/hudsonapothecary.ca\/#website"},"primaryImageOfPage":{"@id":"https:\/\/hudsonapothecary.ca\/fr\/#primaryimage"},"image":{"@id":"https:\/\/hudsonapothecary.ca\/fr\/#primaryimage"},"thumbnailUrl":"https:\/\/hudsonapothecary.ca\/wp-content\/uploads\/2020\/12\/hudson-apothecary_logo_no-border.png","datePublished":"2020-11-28T17:59:00+00:00","dateModified":"2026-04-20T19:54:08+00:00","description":"Centre de sant\u00e9 Hudson Apothecary : Naturopathe, Ayurveda, Yoga, HydraFacial, Facials, Sauna infrarouge, jus press\u00e9s \u00e0 froid et nettoyages organiques.","breadcrumb":{"@id":"https:\/\/hudsonapothecary.ca\/fr\/#breadcrumb"},"inLanguage":"fr-FR","potentialAction":[{"@type":"ReadAction","target":["https:\/\/hudsonapothecary.ca\/fr\/"]}]},{"@type":"ImageObject","inLanguage":"fr-FR","@id":"https:\/\/hudsonapothecary.ca\/fr\/#primaryimage","url":"https:\/\/hudsonapothecary.ca\/wp-content\/uploads\/2020\/12\/hudson-apothecary_logo_no-border.png","contentUrl":"https:\/\/hudsonapothecary.ca\/wp-content\/uploads\/2020\/12\/hudson-apothecary_logo_no-border.png","width":1000,"height":455,"caption":"Hudson Apothecary logo - Centre de sant\u00e9"},{"@type":"BreadcrumbList","@id":"https:\/\/hudsonapothecary.ca\/fr\/#breadcrumb","itemListElement":[{"@type":"ListItem","position":1,"name":"Home","item":"https:\/\/hudsonapothecary.ca\/fr\/"},{"@type":"ListItem","position":2,"name":"Hudson Apothecary"}]},{"@type":"WebSite","@id":"https:\/\/hudsonapothecary.ca\/#website","url":"https:\/\/hudsonapothecary.ca\/","name":"Hudson Apothecary","description":"Hudson Apothecary is a wellness centre in Hudson, Quebec.","publisher":{"@id":"https:\/\/hudsonapothecary.ca\/#organization"},"potentialAction":[{"@type":"SearchAction","target":{"@type":"EntryPoint","urlTemplate":"https:\/\/hudsonapothecary.ca\/?s={search_term_string}"},"query-input":{"@type":"PropertyValueSpecification","valueRequired":true,"valueName":"search_term_string"}}],"inLanguage":"fr-FR"},{"@type":"Organization","@id":"https:\/\/hudsonapothecary.ca\/#organization","name":"Hudson Apothecary","url":"https:\/\/hudsonapothecary.ca\/","logo":{"@type":"ImageObject","inLanguage":"fr-FR","@id":"https:\/\/hudsonapothecary.ca\/#\/schema\/logo\/image\/","url":"https:\/\/hudsonapothecary.ca\/wp-content\/uploads\/2021\/01\/hudson-apothecary_logo_600px.png","contentUrl":"https:\/\/hudsonapothecary.ca\/wp-content\/uploads\/2021\/01\/hudson-apothecary_logo_600px.png","width":600,"height":274,"caption":"Hudson Apothecary"},"image":{"@id":"https:\/\/hudsonapothecary.ca\/#\/schema\/logo\/image\/"}}]}},"_links":{"self":[{"href":"https:\/\/hudsonapothecary.ca\/fr\/wp-json\/wp\/v2\/pages\/744","targetHints":{"allow":["GET"]}}],"collection":[{"href":"https:\/\/hudsonapothecary.ca\/fr\/wp-json\/wp\/v2\/pages"}],"about":[{"href":"https:\/\/hudsonapothecary.ca\/fr\/wp-json\/wp\/v2\/types\/page"}],"author":[{"embeddable":true,"href":"https:\/\/hudsonapothecary.ca\/fr\/wp-json\/wp\/v2\/users\/1"}],"replies":[{"embeddable":true,"href":"https:\/\/hudsonapothecary.ca\/fr\/wp-json\/wp\/v2\/comments?post=744"}],"version-history":[{"count":11,"href":"https:\/\/hudsonapothecary.ca\/fr\/wp-json\/wp\/v2\/pages\/744\/revisions"}],"predecessor-version":[{"id":1514,"href":"https:\/\/hudsonapothecary.ca\/fr\/wp-json\/wp\/v2\/pages\/744\/revisions\/1514"}],"wp:featuredmedia":[{"embeddable":true,"href":"https:\/\/hudsonapothecary.ca\/fr\/wp-json\/wp\/v2\/media\/683"}],"wp:attachment":[{"href":"https:\/\/hudsonapothecary.ca\/fr\/wp-json\/wp\/v2\/media?parent=744"}],"curies":[{"name":"wp","href":"https:\/\/api.w.org\/{rel}","templated":true}]}}