{"id":750,"date":"2020-11-28T12:59:36","date_gmt":"2020-11-28T17:59:36","guid":{"rendered":"https:\/\/hudsonapothecary.ca\/ayurveda\/"},"modified":"2026-04-20T11:19:53","modified_gmt":"2026-04-20T15:19:53","slug":"ayurveda","status":"publish","type":"page","link":"https:\/\/hudsonapothecary.ca\/fr\/ayurveda\/","title":{"rendered":"Ayurveda"},"content":{"rendered":"<div id=\"cs-content\" class=\"cs-content\"><\/div>\n","protected":false},"excerpt":{"rendered":"<p>Traitements Ayurveda &agrave; Hudson R\u00e9server en ligneR\u00e9server parAcheter une carte cadeauPrendre un rendez-vousPrendre un rendez-vousQu&rsquo;est-ce que l&rsquo;Ayurveda? Ayurveda est un terme sanskrit, d\u00e9riv\u00e9 des mots racine ayuh, signifiant \u00abvie\u00bb ou \u00ablong\u00e9vit\u00e9\u00bb, et veda, signifiant \u00abscience\u00bb ou \u00absavoir sacr\u00e9\u00bb. L&rsquo;Ayurveda se &#8230; <\/p>\n<div><a href=\"https:\/\/hudsonapothecary.ca\/fr\/ayurveda\/\" class=\"more-link\">Read More<\/a><\/div>\n","protected":false},"author":1,"featured_media":685,"parent":0,"menu_order":1,"comment_status":"closed","ping_status":"closed","template":"template-blank-4.php","meta":{"_acf_changed":false,"footnotes":""},"class_list":["post-750","page","type-page","status-publish","has-post-thumbnail","hentry"],"acf":[],"yoast_head":"<!-- This site is optimized with the Yoast SEO plugin v27.4 - https:\/\/yoast.com\/product\/yoast-seo-wordpress\/ -->\n<title>Traitements ayurveda au Centre de sant\u00e9 Apothicaire Hudson<\/title>\n<meta name=\"description\" content=\"Vous cherchez une m\u00e9decine ayurveda \u00e0 Hudson? Apprenez-en plus ou r\u00e9servez en ligne ici. L&#039;Ayurveda aidera \u00e0 vous sentir mieux physiquement et mentalement.\" \/>\n<meta name=\"robots\" content=\"index, follow, max-snippet:-1, max-image-preview:large, max-video-preview:-1\" \/>\n<link rel=\"canonical\" href=\"https:\/\/hudsonapothecary.ca\/fr\/ayurveda\/\" \/>\n<meta property=\"og:locale\" content=\"fr_FR\" \/>\n<meta property=\"og:type\" content=\"article\" \/>\n<meta property=\"og:title\" content=\"Traitements ayurveda au Centre de sant\u00e9 Apothicaire Hudson\" \/>\n<meta property=\"og:description\" content=\"Vous cherchez une m\u00e9decine ayurveda \u00e0 Hudson? Apprenez-en plus ou r\u00e9servez en ligne ici. L&#039;Ayurveda aidera \u00e0 vous sentir mieux physiquement et mentalement.\" \/>\n<meta property=\"og:url\" content=\"https:\/\/hudsonapothecary.ca\/fr\/ayurveda\/\" \/>\n<meta property=\"og:site_name\" content=\"Hudson Apothecary\" \/>\n<meta property=\"article:modified_time\" content=\"2026-04-20T15:19:53+00:00\" \/>\n<meta property=\"og:image\" content=\"https:\/\/hudsonapothecary.ca\/wp-content\/uploads\/2020\/12\/hudson-apothecary_ayurveda_main_4x3.jpg\" \/>\n\t<meta property=\"og:image:width\" content=\"1820\" \/>\n\t<meta property=\"og:image:height\" content=\"1365\" \/>\n\t<meta property=\"og:image:type\" content=\"image\/jpeg\" \/>\n<meta name=\"twitter:card\" content=\"summary_large_image\" \/>\n<meta name=\"twitter:label1\" content=\"Dur\u00e9e de lecture estim\u00e9e\" \/>\n\t<meta name=\"twitter:data1\" content=\"18 minutes\" \/>\n<script type=\"application\/ld+json\" class=\"yoast-schema-graph\">{\"@context\":\"https:\\\/\\\/schema.org\",\"@graph\":[{\"@type\":\"WebPage\",\"@id\":\"https:\\\/\\\/hudsonapothecary.ca\\\/fr\\\/ayurveda\\\/\",\"url\":\"https:\\\/\\\/hudsonapothecary.ca\\\/fr\\\/ayurveda\\\/\",\"name\":\"Traitements ayurveda au Centre de sant\u00e9 Apothicaire Hudson\",\"isPartOf\":{\"@id\":\"https:\\\/\\\/hudsonapothecary.ca\\\/#website\"},\"primaryImageOfPage\":{\"@id\":\"https:\\\/\\\/hudsonapothecary.ca\\\/fr\\\/ayurveda\\\/#primaryimage\"},\"image\":{\"@id\":\"https:\\\/\\\/hudsonapothecary.ca\\\/fr\\\/ayurveda\\\/#primaryimage\"},\"thumbnailUrl\":\"https:\\\/\\\/hudsonapothecary.ca\\\/wp-content\\\/uploads\\\/2020\\\/12\\\/hudson-apothecary_ayurveda_main_4x3.jpg\",\"datePublished\":\"2020-11-28T17:59:36+00:00\",\"dateModified\":\"2026-04-20T15:19:53+00:00\",\"description\":\"Vous cherchez une m\u00e9decine ayurveda \u00e0 Hudson? Apprenez-en plus ou r\u00e9servez en ligne ici. L'Ayurveda aidera \u00e0 vous sentir mieux physiquement et mentalement.\",\"breadcrumb\":{\"@id\":\"https:\\\/\\\/hudsonapothecary.ca\\\/fr\\\/ayurveda\\\/#breadcrumb\"},\"inLanguage\":\"fr-FR\",\"potentialAction\":[{\"@type\":\"ReadAction\",\"target\":[\"https:\\\/\\\/hudsonapothecary.ca\\\/fr\\\/ayurveda\\\/\"]}]},{\"@type\":\"ImageObject\",\"inLanguage\":\"fr-FR\",\"@id\":\"https:\\\/\\\/hudsonapothecary.ca\\\/fr\\\/ayurveda\\\/#primaryimage\",\"url\":\"https:\\\/\\\/hudsonapothecary.ca\\\/wp-content\\\/uploads\\\/2020\\\/12\\\/hudson-apothecary_ayurveda_main_4x3.jpg\",\"contentUrl\":\"https:\\\/\\\/hudsonapothecary.ca\\\/wp-content\\\/uploads\\\/2020\\\/12\\\/hudson-apothecary_ayurveda_main_4x3.jpg\",\"width\":1820,\"height\":1365,\"caption\":\"Hudson Apothecary Ayurvedic treatments\"},{\"@type\":\"BreadcrumbList\",\"@id\":\"https:\\\/\\\/hudsonapothecary.ca\\\/fr\\\/ayurveda\\\/#breadcrumb\",\"itemListElement\":[{\"@type\":\"ListItem\",\"position\":1,\"name\":\"Home\",\"item\":\"https:\\\/\\\/hudsonapothecary.ca\\\/fr\\\/\"},{\"@type\":\"ListItem\",\"position\":2,\"name\":\"Ayurveda\"}]},{\"@type\":\"WebSite\",\"@id\":\"https:\\\/\\\/hudsonapothecary.ca\\\/#website\",\"url\":\"https:\\\/\\\/hudsonapothecary.ca\\\/\",\"name\":\"Hudson Apothecary\",\"description\":\"Hudson Apothecary is a wellness centre in Hudson, Quebec.\",\"publisher\":{\"@id\":\"https:\\\/\\\/hudsonapothecary.ca\\\/#organization\"},\"potentialAction\":[{\"@type\":\"SearchAction\",\"target\":{\"@type\":\"EntryPoint\",\"urlTemplate\":\"https:\\\/\\\/hudsonapothecary.ca\\\/?s={search_term_string}\"},\"query-input\":{\"@type\":\"PropertyValueSpecification\",\"valueRequired\":true,\"valueName\":\"search_term_string\"}}],\"inLanguage\":\"fr-FR\"},{\"@type\":\"Organization\",\"@id\":\"https:\\\/\\\/hudsonapothecary.ca\\\/#organization\",\"name\":\"Hudson Apothecary\",\"url\":\"https:\\\/\\\/hudsonapothecary.ca\\\/\",\"logo\":{\"@type\":\"ImageObject\",\"inLanguage\":\"fr-FR\",\"@id\":\"https:\\\/\\\/hudsonapothecary.ca\\\/#\\\/schema\\\/logo\\\/image\\\/\",\"url\":\"https:\\\/\\\/hudsonapothecary.ca\\\/wp-content\\\/uploads\\\/2021\\\/01\\\/hudson-apothecary_logo_600px.png\",\"contentUrl\":\"https:\\\/\\\/hudsonapothecary.ca\\\/wp-content\\\/uploads\\\/2021\\\/01\\\/hudson-apothecary_logo_600px.png\",\"width\":600,\"height\":274,\"caption\":\"Hudson Apothecary\"},\"image\":{\"@id\":\"https:\\\/\\\/hudsonapothecary.ca\\\/#\\\/schema\\\/logo\\\/image\\\/\"}}]}<\/script>\n<!-- \/ Yoast SEO plugin. -->","yoast_head_json":{"title":"Traitements ayurveda au Centre de sant\u00e9 Apothicaire Hudson","description":"Vous cherchez une m\u00e9decine ayurveda \u00e0 Hudson? Apprenez-en plus ou r\u00e9servez en ligne ici. L'Ayurveda aidera \u00e0 vous sentir mieux physiquement et mentalement.","robots":{"index":"index","follow":"follow","max-snippet":"max-snippet:-1","max-image-preview":"max-image-preview:large","max-video-preview":"max-video-preview:-1"},"canonical":"https:\/\/hudsonapothecary.ca\/fr\/ayurveda\/","og_locale":"fr_FR","og_type":"article","og_title":"Traitements ayurveda au Centre de sant\u00e9 Apothicaire Hudson","og_description":"Vous cherchez une m\u00e9decine ayurveda \u00e0 Hudson? Apprenez-en plus ou r\u00e9servez en ligne ici. L'Ayurveda aidera \u00e0 vous sentir mieux physiquement et mentalement.","og_url":"https:\/\/hudsonapothecary.ca\/fr\/ayurveda\/","og_site_name":"Hudson Apothecary","article_modified_time":"2026-04-20T15:19:53+00:00","og_image":[{"width":1820,"height":1365,"url":"https:\/\/hudsonapothecary.ca\/wp-content\/uploads\/2020\/12\/hudson-apothecary_ayurveda_main_4x3.jpg","type":"image\/jpeg"}],"twitter_card":"summary_large_image","twitter_misc":{"Dur\u00e9e de lecture estim\u00e9e":"18 minutes"},"schema":{"@context":"https:\/\/schema.org","@graph":[{"@type":"WebPage","@id":"https:\/\/hudsonapothecary.ca\/fr\/ayurveda\/","url":"https:\/\/hudsonapothecary.ca\/fr\/ayurveda\/","name":"Traitements ayurveda au Centre de sant\u00e9 Apothicaire Hudson","isPartOf":{"@id":"https:\/\/hudsonapothecary.ca\/#website"},"primaryImageOfPage":{"@id":"https:\/\/hudsonapothecary.ca\/fr\/ayurveda\/#primaryimage"},"image":{"@id":"https:\/\/hudsonapothecary.ca\/fr\/ayurveda\/#primaryimage"},"thumbnailUrl":"https:\/\/hudsonapothecary.ca\/wp-content\/uploads\/2020\/12\/hudson-apothecary_ayurveda_main_4x3.jpg","datePublished":"2020-11-28T17:59:36+00:00","dateModified":"2026-04-20T15:19:53+00:00","description":"Vous cherchez une m\u00e9decine ayurveda \u00e0 Hudson? Apprenez-en plus ou r\u00e9servez en ligne ici. L'Ayurveda aidera \u00e0 vous sentir mieux physiquement et mentalement.","breadcrumb":{"@id":"https:\/\/hudsonapothecary.ca\/fr\/ayurveda\/#breadcrumb"},"inLanguage":"fr-FR","potentialAction":[{"@type":"ReadAction","target":["https:\/\/hudsonapothecary.ca\/fr\/ayurveda\/"]}]},{"@type":"ImageObject","inLanguage":"fr-FR","@id":"https:\/\/hudsonapothecary.ca\/fr\/ayurveda\/#primaryimage","url":"https:\/\/hudsonapothecary.ca\/wp-content\/uploads\/2020\/12\/hudson-apothecary_ayurveda_main_4x3.jpg","contentUrl":"https:\/\/hudsonapothecary.ca\/wp-content\/uploads\/2020\/12\/hudson-apothecary_ayurveda_main_4x3.jpg","width":1820,"height":1365,"caption":"Hudson Apothecary Ayurvedic treatments"},{"@type":"BreadcrumbList","@id":"https:\/\/hudsonapothecary.ca\/fr\/ayurveda\/#breadcrumb","itemListElement":[{"@type":"ListItem","position":1,"name":"Home","item":"https:\/\/hudsonapothecary.ca\/fr\/"},{"@type":"ListItem","position":2,"name":"Ayurveda"}]},{"@type":"WebSite","@id":"https:\/\/hudsonapothecary.ca\/#website","url":"https:\/\/hudsonapothecary.ca\/","name":"Hudson Apothecary","description":"Hudson Apothecary is a wellness centre in Hudson, Quebec.","publisher":{"@id":"https:\/\/hudsonapothecary.ca\/#organization"},"potentialAction":[{"@type":"SearchAction","target":{"@type":"EntryPoint","urlTemplate":"https:\/\/hudsonapothecary.ca\/?s={search_term_string}"},"query-input":{"@type":"PropertyValueSpecification","valueRequired":true,"valueName":"search_term_string"}}],"inLanguage":"fr-FR"},{"@type":"Organization","@id":"https:\/\/hudsonapothecary.ca\/#organization","name":"Hudson Apothecary","url":"https:\/\/hudsonapothecary.ca\/","logo":{"@type":"ImageObject","inLanguage":"fr-FR","@id":"https:\/\/hudsonapothecary.ca\/#\/schema\/logo\/image\/","url":"https:\/\/hudsonapothecary.ca\/wp-content\/uploads\/2021\/01\/hudson-apothecary_logo_600px.png","contentUrl":"https:\/\/hudsonapothecary.ca\/wp-content\/uploads\/2021\/01\/hudson-apothecary_logo_600px.png","width":600,"height":274,"caption":"Hudson Apothecary"},"image":{"@id":"https:\/\/hudsonapothecary.ca\/#\/schema\/logo\/image\/"}}]}},"_links":{"self":[{"href":"https:\/\/hudsonapothecary.ca\/fr\/wp-json\/wp\/v2\/pages\/750","targetHints":{"allow":["GET"]}}],"collection":[{"href":"https:\/\/hudsonapothecary.ca\/fr\/wp-json\/wp\/v2\/pages"}],"about":[{"href":"https:\/\/hudsonapothecary.ca\/fr\/wp-json\/wp\/v2\/types\/page"}],"author":[{"embeddable":true,"href":"https:\/\/hudsonapothecary.ca\/fr\/wp-json\/wp\/v2\/users\/1"}],"replies":[{"embeddable":true,"href":"https:\/\/hudsonapothecary.ca\/fr\/wp-json\/wp\/v2\/comments?post=750"}],"version-history":[{"count":6,"href":"https:\/\/hudsonapothecary.ca\/fr\/wp-json\/wp\/v2\/pages\/750\/revisions"}],"predecessor-version":[{"id":1519,"href":"https:\/\/hudsonapothecary.ca\/fr\/wp-json\/wp\/v2\/pages\/750\/revisions\/1519"}],"wp:featuredmedia":[{"embeddable":true,"href":"https:\/\/hudsonapothecary.ca\/fr\/wp-json\/wp\/v2\/media\/685"}],"wp:attachment":[{"href":"https:\/\/hudsonapothecary.ca\/fr\/wp-json\/wp\/v2\/media?parent=750"}],"curies":[{"name":"wp","href":"https:\/\/api.w.org\/{rel}","templated":true}]}}