{"id":774,"date":"2020-11-28T13:00:37","date_gmt":"2020-11-28T18:00:37","guid":{"rendered":"https:\/\/hudsonapothecary.ca\/infrared-sauna\/"},"modified":"2022-02-10T16:04:12","modified_gmt":"2022-02-10T21:04:12","slug":"sauna-infrarouge","status":"publish","type":"page","link":"https:\/\/hudsonapothecary.ca\/fr\/sauna-infrarouge\/","title":{"rendered":"Sauna infrarouge"},"content":{"rendered":"<div id=\"cs-content\" class=\"cs-content\"><\/div>\n","protected":false},"excerpt":{"rendered":"<p>Sauna Infrarouge &agrave; Hudson Book your AppointmentRestrictions COVID-19Cliquez ici pour voir les d\u00e9tailsR\u00e9server en ligneR\u00e9server parAcheter une carte cadeauPlongez dans un \u00e9tat de relaxation o\u00f9 vous serez doucement guid\u00e9s en mode d\u00e9tox! Au Centre de sant\u00e9 Apothicaire Hudson, vous vivrez &#8230; <\/p>\n<div><a href=\"https:\/\/hudsonapothecary.ca\/fr\/sauna-infrarouge\/\" class=\"more-link\">Read More<\/a><\/div>\n","protected":false},"author":1,"featured_media":688,"parent":0,"menu_order":3,"comment_status":"closed","ping_status":"closed","template":"template-blank-4.php","meta":{"_acf_changed":false,"footnotes":""},"class_list":["post-774","page","type-page","status-publish","has-post-thumbnail","hentry"],"acf":[],"yoast_head":"<!-- This site is optimized with the Yoast SEO plugin v27.4 - https:\/\/yoast.com\/product\/yoast-seo-wordpress\/ -->\n<title>Sauna infrarouge au Centre de sant\u00e9 Apothicaire Hudson<\/title>\n<meta name=\"description\" content=\"Vous cherchez un sauna infrarouge \u00e0 Hudson ? Apprenez-en plus ou r\u00e9servez en ligne ici. La technologie Sunlighten, une d\u00e9sintoxication th\u00e9rapeutique ultime.\" \/>\n<meta name=\"robots\" content=\"index, follow, max-snippet:-1, max-image-preview:large, max-video-preview:-1\" \/>\n<link rel=\"canonical\" href=\"https:\/\/hudsonapothecary.ca\/fr\/sauna-infrarouge\/\" \/>\n<meta property=\"og:locale\" content=\"fr_FR\" \/>\n<meta property=\"og:type\" content=\"article\" \/>\n<meta property=\"og:title\" content=\"Sauna infrarouge au Centre de sant\u00e9 Apothicaire Hudson\" \/>\n<meta property=\"og:description\" content=\"Vous cherchez un sauna infrarouge \u00e0 Hudson ? Apprenez-en plus ou r\u00e9servez en ligne ici. La technologie Sunlighten, une d\u00e9sintoxication th\u00e9rapeutique ultime.\" \/>\n<meta property=\"og:url\" content=\"https:\/\/hudsonapothecary.ca\/fr\/sauna-infrarouge\/\" \/>\n<meta property=\"og:site_name\" content=\"Hudson Apothecary\" \/>\n<meta property=\"article:modified_time\" content=\"2022-02-10T21:04:12+00:00\" \/>\n<meta property=\"og:image\" content=\"https:\/\/hudsonapothecary.ca\/wp-content\/uploads\/2020\/12\/hudson-apothecary_sauna_main_4x3.jpg\" \/>\n\t<meta property=\"og:image:width\" content=\"1214\" \/>\n\t<meta property=\"og:image:height\" content=\"911\" \/>\n\t<meta property=\"og:image:type\" content=\"image\/jpeg\" \/>\n<meta name=\"twitter:card\" content=\"summary_large_image\" \/>\n<meta name=\"twitter:label1\" content=\"Dur\u00e9e de lecture estim\u00e9e\" \/>\n\t<meta name=\"twitter:data1\" content=\"5 minutes\" \/>\n<script type=\"application\/ld+json\" class=\"yoast-schema-graph\">{\"@context\":\"https:\\\/\\\/schema.org\",\"@graph\":[{\"@type\":\"WebPage\",\"@id\":\"https:\\\/\\\/hudsonapothecary.ca\\\/fr\\\/sauna-infrarouge\\\/\",\"url\":\"https:\\\/\\\/hudsonapothecary.ca\\\/fr\\\/sauna-infrarouge\\\/\",\"name\":\"Sauna infrarouge au Centre de sant\u00e9 Apothicaire Hudson\",\"isPartOf\":{\"@id\":\"https:\\\/\\\/hudsonapothecary.ca\\\/#website\"},\"primaryImageOfPage\":{\"@id\":\"https:\\\/\\\/hudsonapothecary.ca\\\/fr\\\/sauna-infrarouge\\\/#primaryimage\"},\"image\":{\"@id\":\"https:\\\/\\\/hudsonapothecary.ca\\\/fr\\\/sauna-infrarouge\\\/#primaryimage\"},\"thumbnailUrl\":\"https:\\\/\\\/hudsonapothecary.ca\\\/wp-content\\\/uploads\\\/2020\\\/12\\\/hudson-apothecary_sauna_main_4x3.jpg\",\"datePublished\":\"2020-11-28T18:00:37+00:00\",\"dateModified\":\"2022-02-10T21:04:12+00:00\",\"description\":\"Vous cherchez un sauna infrarouge \u00e0 Hudson ? Apprenez-en plus ou r\u00e9servez en ligne ici. La technologie Sunlighten, une d\u00e9sintoxication th\u00e9rapeutique ultime.\",\"breadcrumb\":{\"@id\":\"https:\\\/\\\/hudsonapothecary.ca\\\/fr\\\/sauna-infrarouge\\\/#breadcrumb\"},\"inLanguage\":\"fr-FR\",\"potentialAction\":[{\"@type\":\"ReadAction\",\"target\":[\"https:\\\/\\\/hudsonapothecary.ca\\\/fr\\\/sauna-infrarouge\\\/\"]}]},{\"@type\":\"ImageObject\",\"inLanguage\":\"fr-FR\",\"@id\":\"https:\\\/\\\/hudsonapothecary.ca\\\/fr\\\/sauna-infrarouge\\\/#primaryimage\",\"url\":\"https:\\\/\\\/hudsonapothecary.ca\\\/wp-content\\\/uploads\\\/2020\\\/12\\\/hudson-apothecary_sauna_main_4x3.jpg\",\"contentUrl\":\"https:\\\/\\\/hudsonapothecary.ca\\\/wp-content\\\/uploads\\\/2020\\\/12\\\/hudson-apothecary_sauna_main_4x3.jpg\",\"width\":1214,\"height\":911,\"caption\":\"Hudson Apothecary infrared sauna\"},{\"@type\":\"BreadcrumbList\",\"@id\":\"https:\\\/\\\/hudsonapothecary.ca\\\/fr\\\/sauna-infrarouge\\\/#breadcrumb\",\"itemListElement\":[{\"@type\":\"ListItem\",\"position\":1,\"name\":\"Home\",\"item\":\"https:\\\/\\\/hudsonapothecary.ca\\\/fr\\\/\"},{\"@type\":\"ListItem\",\"position\":2,\"name\":\"Sauna infrarouge\"}]},{\"@type\":\"WebSite\",\"@id\":\"https:\\\/\\\/hudsonapothecary.ca\\\/#website\",\"url\":\"https:\\\/\\\/hudsonapothecary.ca\\\/\",\"name\":\"Hudson Apothecary\",\"description\":\"Hudson Apothecary is a wellness centre in Hudson, Quebec.\",\"publisher\":{\"@id\":\"https:\\\/\\\/hudsonapothecary.ca\\\/#organization\"},\"potentialAction\":[{\"@type\":\"SearchAction\",\"target\":{\"@type\":\"EntryPoint\",\"urlTemplate\":\"https:\\\/\\\/hudsonapothecary.ca\\\/?s={search_term_string}\"},\"query-input\":{\"@type\":\"PropertyValueSpecification\",\"valueRequired\":true,\"valueName\":\"search_term_string\"}}],\"inLanguage\":\"fr-FR\"},{\"@type\":\"Organization\",\"@id\":\"https:\\\/\\\/hudsonapothecary.ca\\\/#organization\",\"name\":\"Hudson Apothecary\",\"url\":\"https:\\\/\\\/hudsonapothecary.ca\\\/\",\"logo\":{\"@type\":\"ImageObject\",\"inLanguage\":\"fr-FR\",\"@id\":\"https:\\\/\\\/hudsonapothecary.ca\\\/#\\\/schema\\\/logo\\\/image\\\/\",\"url\":\"https:\\\/\\\/hudsonapothecary.ca\\\/wp-content\\\/uploads\\\/2021\\\/01\\\/hudson-apothecary_logo_600px.png\",\"contentUrl\":\"https:\\\/\\\/hudsonapothecary.ca\\\/wp-content\\\/uploads\\\/2021\\\/01\\\/hudson-apothecary_logo_600px.png\",\"width\":600,\"height\":274,\"caption\":\"Hudson Apothecary\"},\"image\":{\"@id\":\"https:\\\/\\\/hudsonapothecary.ca\\\/#\\\/schema\\\/logo\\\/image\\\/\"}}]}<\/script>\n<!-- \/ Yoast SEO plugin. -->","yoast_head_json":{"title":"Sauna infrarouge au Centre de sant\u00e9 Apothicaire Hudson","description":"Vous cherchez un sauna infrarouge \u00e0 Hudson ? Apprenez-en plus ou r\u00e9servez en ligne ici. La technologie Sunlighten, une d\u00e9sintoxication th\u00e9rapeutique ultime.","robots":{"index":"index","follow":"follow","max-snippet":"max-snippet:-1","max-image-preview":"max-image-preview:large","max-video-preview":"max-video-preview:-1"},"canonical":"https:\/\/hudsonapothecary.ca\/fr\/sauna-infrarouge\/","og_locale":"fr_FR","og_type":"article","og_title":"Sauna infrarouge au Centre de sant\u00e9 Apothicaire Hudson","og_description":"Vous cherchez un sauna infrarouge \u00e0 Hudson ? Apprenez-en plus ou r\u00e9servez en ligne ici. La technologie Sunlighten, une d\u00e9sintoxication th\u00e9rapeutique ultime.","og_url":"https:\/\/hudsonapothecary.ca\/fr\/sauna-infrarouge\/","og_site_name":"Hudson Apothecary","article_modified_time":"2022-02-10T21:04:12+00:00","og_image":[{"width":1214,"height":911,"url":"https:\/\/hudsonapothecary.ca\/wp-content\/uploads\/2020\/12\/hudson-apothecary_sauna_main_4x3.jpg","type":"image\/jpeg"}],"twitter_card":"summary_large_image","twitter_misc":{"Dur\u00e9e de lecture estim\u00e9e":"5 minutes"},"schema":{"@context":"https:\/\/schema.org","@graph":[{"@type":"WebPage","@id":"https:\/\/hudsonapothecary.ca\/fr\/sauna-infrarouge\/","url":"https:\/\/hudsonapothecary.ca\/fr\/sauna-infrarouge\/","name":"Sauna infrarouge au Centre de sant\u00e9 Apothicaire Hudson","isPartOf":{"@id":"https:\/\/hudsonapothecary.ca\/#website"},"primaryImageOfPage":{"@id":"https:\/\/hudsonapothecary.ca\/fr\/sauna-infrarouge\/#primaryimage"},"image":{"@id":"https:\/\/hudsonapothecary.ca\/fr\/sauna-infrarouge\/#primaryimage"},"thumbnailUrl":"https:\/\/hudsonapothecary.ca\/wp-content\/uploads\/2020\/12\/hudson-apothecary_sauna_main_4x3.jpg","datePublished":"2020-11-28T18:00:37+00:00","dateModified":"2022-02-10T21:04:12+00:00","description":"Vous cherchez un sauna infrarouge \u00e0 Hudson ? Apprenez-en plus ou r\u00e9servez en ligne ici. La technologie Sunlighten, une d\u00e9sintoxication th\u00e9rapeutique ultime.","breadcrumb":{"@id":"https:\/\/hudsonapothecary.ca\/fr\/sauna-infrarouge\/#breadcrumb"},"inLanguage":"fr-FR","potentialAction":[{"@type":"ReadAction","target":["https:\/\/hudsonapothecary.ca\/fr\/sauna-infrarouge\/"]}]},{"@type":"ImageObject","inLanguage":"fr-FR","@id":"https:\/\/hudsonapothecary.ca\/fr\/sauna-infrarouge\/#primaryimage","url":"https:\/\/hudsonapothecary.ca\/wp-content\/uploads\/2020\/12\/hudson-apothecary_sauna_main_4x3.jpg","contentUrl":"https:\/\/hudsonapothecary.ca\/wp-content\/uploads\/2020\/12\/hudson-apothecary_sauna_main_4x3.jpg","width":1214,"height":911,"caption":"Hudson Apothecary infrared sauna"},{"@type":"BreadcrumbList","@id":"https:\/\/hudsonapothecary.ca\/fr\/sauna-infrarouge\/#breadcrumb","itemListElement":[{"@type":"ListItem","position":1,"name":"Home","item":"https:\/\/hudsonapothecary.ca\/fr\/"},{"@type":"ListItem","position":2,"name":"Sauna infrarouge"}]},{"@type":"WebSite","@id":"https:\/\/hudsonapothecary.ca\/#website","url":"https:\/\/hudsonapothecary.ca\/","name":"Hudson Apothecary","description":"Hudson Apothecary is a wellness centre in Hudson, Quebec.","publisher":{"@id":"https:\/\/hudsonapothecary.ca\/#organization"},"potentialAction":[{"@type":"SearchAction","target":{"@type":"EntryPoint","urlTemplate":"https:\/\/hudsonapothecary.ca\/?s={search_term_string}"},"query-input":{"@type":"PropertyValueSpecification","valueRequired":true,"valueName":"search_term_string"}}],"inLanguage":"fr-FR"},{"@type":"Organization","@id":"https:\/\/hudsonapothecary.ca\/#organization","name":"Hudson Apothecary","url":"https:\/\/hudsonapothecary.ca\/","logo":{"@type":"ImageObject","inLanguage":"fr-FR","@id":"https:\/\/hudsonapothecary.ca\/#\/schema\/logo\/image\/","url":"https:\/\/hudsonapothecary.ca\/wp-content\/uploads\/2021\/01\/hudson-apothecary_logo_600px.png","contentUrl":"https:\/\/hudsonapothecary.ca\/wp-content\/uploads\/2021\/01\/hudson-apothecary_logo_600px.png","width":600,"height":274,"caption":"Hudson Apothecary"},"image":{"@id":"https:\/\/hudsonapothecary.ca\/#\/schema\/logo\/image\/"}}]}},"_links":{"self":[{"href":"https:\/\/hudsonapothecary.ca\/fr\/wp-json\/wp\/v2\/pages\/774","targetHints":{"allow":["GET"]}}],"collection":[{"href":"https:\/\/hudsonapothecary.ca\/fr\/wp-json\/wp\/v2\/pages"}],"about":[{"href":"https:\/\/hudsonapothecary.ca\/fr\/wp-json\/wp\/v2\/types\/page"}],"author":[{"embeddable":true,"href":"https:\/\/hudsonapothecary.ca\/fr\/wp-json\/wp\/v2\/users\/1"}],"replies":[{"embeddable":true,"href":"https:\/\/hudsonapothecary.ca\/fr\/wp-json\/wp\/v2\/comments?post=774"}],"version-history":[{"count":2,"href":"https:\/\/hudsonapothecary.ca\/fr\/wp-json\/wp\/v2\/pages\/774\/revisions"}],"predecessor-version":[{"id":1382,"href":"https:\/\/hudsonapothecary.ca\/fr\/wp-json\/wp\/v2\/pages\/774\/revisions\/1382"}],"wp:featuredmedia":[{"embeddable":true,"href":"https:\/\/hudsonapothecary.ca\/fr\/wp-json\/wp\/v2\/media\/688"}],"wp:attachment":[{"href":"https:\/\/hudsonapothecary.ca\/fr\/wp-json\/wp\/v2\/media?parent=774"}],"curies":[{"name":"wp","href":"https:\/\/api.w.org\/{rel}","templated":true}]}}